{"id":9025,"date":"2022-10-26T10:42:42","date_gmt":"2022-10-26T08:42:42","guid":{"rendered":"https:\/\/sociographlab.com\/privacy-policy\/"},"modified":"2024-05-10T09:17:16","modified_gmt":"2024-05-10T07:17:16","slug":"privacy-policy","status":"publish","type":"page","link":"https:\/\/sociographlab.com\/en\/privacy-policy\/","title":{"rendered":"Privacy policy"},"content":{"rendered":"<p>[et_pb_section admin_label=&#8221;section&#8221;] [et_pb_row admin_label=&#8221;row&#8221;] [et_pb_column type=&#8221;4_4&#8243;][et_pb_text admin_label=&#8221;Text&#8221;]<\/p>\r\n\r\n<h2 class=\"wp-block-heading\"><\/h2>\r\n<p class=\"Custom-Normal-Times\"><span class=\"normaltextrun\"><span lang=\"EN\">SOCIOGRAPH NEUROMARKETING, SL. <\/span><\/span><span lang=\"EN\">cares about privacy and transparency, if you want to know in detail the processing of personal data we carry out, as well as all the information related to them, you can do so by clicking on the following link: <\/span><\/p>\r\n<p><a href=\"https:\/\/grupocfi.es\/privacidad\/sociograph\"><img loading=\"lazy\" decoding=\"async\" class=\"alignnone wp-image-6858\" src=\"https:\/\/www.sociograph.es\/wp-content\/uploads\/2021\/09\/entidad-adaptada-lssi-150x150.jpg\" sizes=\"(max-width: 100px) 100vw, 100px\" srcset=\"https:\/\/www.sociograph.es\/wp-content\/uploads\/2021\/09\/entidad-adaptada-lssi-150x150.jpg 150w, https:\/\/www.sociograph.es\/wp-content\/uploads\/2021\/09\/entidad-adaptada-lssi-300x300.jpg 300w, https:\/\/www.sociograph.es\/wp-content\/uploads\/2021\/09\/entidad-adaptada-lssi-1024x1024.jpg 1024w, https:\/\/www.sociograph.es\/wp-content\/uploads\/2021\/09\/entidad-adaptada-lssi-768x768.jpg 768w, https:\/\/www.sociograph.es\/wp-content\/uploads\/2021\/09\/entidad-adaptada-lssi-24x24.jpg 24w, https:\/\/www.sociograph.es\/wp-content\/uploads\/2021\/09\/entidad-adaptada-lssi-36x36.jpg 36w, https:\/\/www.sociograph.es\/wp-content\/uploads\/2021\/09\/entidad-adaptada-lssi-48x48.jpg 48w, https:\/\/www.sociograph.es\/wp-content\/uploads\/2021\/09\/entidad-adaptada-lssi.jpg 1122w\" alt=\"\" width=\"100\" height=\"100\" \/><\/a><\/p>\r\n<p class=\"Custom-Normal-Times\"><span lang=\"EN\">Below, we indicate the data processing that is carried out on our website.<\/span><\/p>\r\n<p>Processing of the data of potential customers and contacts<\/p>\r\n<table style=\"height: 364px; width: 575px;\" width=\"584\">\r\n<tbody>\r\n<tr style=\"height: 23px;\">\r\n<td style=\"height: 23px; width: 575px;\" colspan=\"2\"><strong>Basic Information on Data Protection<\/strong><\/td>\r\n<\/tr>\r\n<tr style=\"height: 22px;\">\r\n<td style=\"height: 22px; width: 176px;\"><strong>Data controller:<\/strong><\/td>\r\n<td style=\"width: 399px;\" width=\"404\">\r\n<p>SOCIOGRAPH NEUROMARKETING, SL<\/p>\r\n<\/td>\r\n<\/tr>\r\n<tr style=\"height: 23px;\">\r\n<td style=\"height: 23px; width: 176px;\"><strong>Purpose:<\/strong><\/td>\r\n<td style=\"width: 399px;\" width=\"404\">\r\n<p>Attend your request and send you commercial communications<\/p>\r\n<\/td>\r\n<\/tr>\r\n<tr style=\"height: 179px;\">\r\n<td style=\"height: 179px; width: 176px;\"><strong>Legitimation:<\/strong><\/td>\r\n<td style=\"width: 399px;\" width=\"404\">\r\n<p>Execution of a contract<\/p>\r\n<p>Consent of the interested party<\/p>\r\n<p>Legitimate interest of the data controller<\/p>\r\n<\/td>\r\n<\/tr>\r\n<tr style=\"height: 23px;\">\r\n<td style=\"height: 23px; width: 176px;\"><strong>Addressees:<\/strong><\/td>\r\n<td style=\"width: 399px;\" width=\"404\">\r\n<p>Transfers to third countries are foreseen.<\/p>\r\n<\/td>\r\n<\/tr>\r\n<tr style=\"height: 71px;\">\r\n<td style=\"height: 71px; width: 176px;\"><strong>Rights:<\/strong><\/td>\r\n<td style=\"width: 399px;\" width=\"404\">\r\n<p>You have the right to access, rectify and delete the data, as well as other rights, indicated in the additional information, which you can exercise by writing to info@sociograph.es<\/p>\r\n<\/td>\r\n<\/tr>\r\n<tr style=\"height: 23px;\">\r\n<td style=\"height: 23px; width: 176px;\"><strong>Provenance:<\/strong><\/td>\r\n<td style=\"width: 399px;\" width=\"404\">\r\n<p>The interested party himself<\/p>\r\n<\/td>\r\n<\/tr>\r\n<\/tbody>\r\n<\/table>\r\n<p><b><i>Complete Data Protection Information<\/i><\/b><\/p>\r\n<h4 class=\"wp-block-heading\">Who is responsible for the processing of your data?<\/h4>\r\n<p>SOCIOGRAPH NEUROMARKETING, SL .<\/p>\r\n<p>B34264424.<\/p>\r\n<p>AV SANTIAGO AM\u00d3N, 3-5 \u2013 34005 \u2013 PALENCIA.<\/p>\r\n<p>info@sociograph.es.<\/p>\r\n<h4>For what purpose do we process your personal data?<\/h4>\r\n<p>In SOCIOGRAPH NEUROMARKETING, SL. we treat the information provided to us by interested persons in order to manage potential customers who have been interested in our products or services, as well as other business contacts and, where appropriate, send commercial communications including electronically. In the event that you do not provide your personal data, we will not be able to fulfill the purposes described.<\/p>\r\n<p class=\"Custom-Normal-Times\"><span lang=\"EN\">Automated decisions will not be made based on the data provided.<\/span><\/p>\r\n<h4>How long will we keep your data for?<\/h4>\r\n<p class=\"Custom-Normal-Times\"><span lang=\"EN\">The data will be kept as long as the data subject does not request its deletion.<\/span><\/p>\r\n<h4>What is the legitimacy for the processing of your data?<\/h4>\r\n<p class=\"Custom-Normal-Times\"><span lang=\"EN\">We indicate the legal basis for the processing of your data:<\/span><\/p>\r\n<ul>\r\n<li>Performance of a contract or pre-contractual measures: Management of potential customers who have been interested in our products or services. (GDPR, art. 6.1.b)<\/li>\r\n<li>Consent of the data subject: Send commercial communications, including by electronic means. (GDPR, art. 6.1.a, LSSICE art.21).<\/li>\r\n<li>Legitimate interest of the Responsible: Management of professional contact details (LOPDGDD art.19, GDPR art. 6.1.f).<\/li>\r\n<\/ul>\r\n<h4>To which recipients will your data be communicated?<\/h4>\r\n<p class=\"Custom-Normal-Times\"><span lang=\"EN\">No data will be transferred to third parties, except legal obligation.<\/span><\/p>\r\n<h4>Data transfers to third countries<\/h4>\r\n<p class=\"Custom-Normal-Times\"><span lang=\"EN\">The following data transfers to third countries are foreseen: <\/span><\/p>\r\n<p class=\"Custom-Normal-Times\"><span lang=\"EN\">\u2022 Dropbox, Inc., for the purpose of online file management and hosting server. The guarantee for this transfer has been established through: Standard data protection clauses. Additional information can be found at: https:\/\/assets.dropbox.com\/documents\/en\/legal\/dfb-data-processing-agreement.pdf#:~:text=This%20Data%20Processing%20Agreement%20%28the%20%E2%80%9CDPA%E2%80%9D%29%20supplements%20the,in%20this%20DPA%20are%20defined%20in%20the%20Agreement.. <\/span><\/p>\r\n<p class=\"Custom-Normal-Times\"><span lang=\"EN\">\u2022 Google, LLC, for the purpose of online file management and hosting server. The guarantee for this transfer has been established through: Standard data protection clauses. Additional information can be found at: https:\/\/cloud.google.com\/terms\/data-processing-addendum\/.<\/span><\/p>\r\n<h4>What are your rights when you provide us with your data?<\/h4>\r\n<p>Anyone has the right to obtain confirmation as to whether or not we are processing personal data concerning them at SOCIOGRAPH NEUROMARKETING, SL<\/p>\r\n<p>Interested persons have the right to access their personal data, as well as to request the rectification of inaccurate data or, where appropriate, request their deletion when, among other reasons, the data is no longer necessary for the purposes that were collected. You also have the right to the portability of your data.<\/p>\r\n<p>In certain circumstances, interested parties may request the limitation of the processing of their data, in which case we will only keep them for the exercise or defense of claims.<\/p>\r\n<p>In certain circumstances and for reasons related to their particular situation, data subjects may object to the processing of their data. In this case, SOCIOGRAPH NEUROMARKETING, SL will stop processing the data, except for compelling legitimate reasons, or the exercise or defense of possible claims.<\/p>\r\n<p>You may exercise your rights materially as follows: info@sociograph.es<\/p>\r\n<p>When sending commercial communications using the legitimate interest of the controller as a legal basis, the data subject may object to the processing of his data for this purpose.<\/p>\r\n<p>If you have given your consent for a specific purpose, you have the right to withdraw the consent granted at any time, without affecting the lawfulness of the processing based on consent prior to its withdrawal.<\/p>\r\n<p>In case you feel your rights regarding the protection of your personal data are violated, especially when you have not obtained satisfaction in the exercise of your rights, you can file a complaint with the competent Data Protection Control Authority through its website: www.aepd.es.<\/p>\r\n<h4>How have we obtained your data?<\/h4>\r\n<p class=\"Custom-Normal-Times\"><span lang=\"EN\">The personal data we process in SOCIOGRAPH NEUROMARKETING, SL. come from: The person concerned himself.<\/span><\/p>\r\n<p>&nbsp;<\/p>\r\n<h2>\u00a0<\/h2>\r\n<h2><\/h2>\r\n\r\n<p>[\/et_pb_text][\/et_pb_column] [\/et_pb_row] [\/et_pb_section]<\/p>","protected":false},"excerpt":{"rendered":"<p>[et_pb_section admin_label=&#8221;section&#8221;] [et_pb_row admin_label=&#8221;row&#8221;] [et_pb_column type=&#8221;4_4&#8243;][et_pb_text admin_label=&#8221;Text&#8221;] SOCIOGRAPH NEUROMARKETING, SL. cares about privacy and transparency, if you want to know in detail the processing of personal data we carry out, as well as all the information related to them, you can do so by clicking on the following link: Below, we indicate the data processing [&hellip;]<\/p>\n","protected":false},"author":1,"featured_media":0,"parent":0,"menu_order":0,"comment_status":"closed","ping_status":"open","template":"","meta":{"_et_pb_use_builder":"","_et_pb_old_content":"<!-- wp:heading {\"translatedWithWPMLTM\":\"1\"} -->\r\n<h2><!-- wp:heading {\"translatedWithWPMLTM\":\"1\"} -->\r\n<p>SOCIOGRAPH NEUROMARKETING, SL se preocupa por la privacidad y la transparencia, si desea conocer en detalle los tratamientos de datos personales que realizamos, as\u00ed como toda la informaci\u00f3n relativa a los mismos, puede hacerlo pulsando en el siguiente enlace:<\/p>\r\n<p><a href=\"https:\/\/grupocfi.es\/privacidad\/sociograph\"><img class=\"alignnone wp-image-6858\" src=\"https:\/\/www.sociograph.es\/wp-content\/uploads\/2021\/09\/entidad-adaptada-lssi-150x150.jpg\" sizes=\"(max-width: 100px) 100vw, 100px\" srcset=\"https:\/\/www.sociograph.es\/wp-content\/uploads\/2021\/09\/entidad-adaptada-lssi-150x150.jpg 150w, https:\/\/www.sociograph.es\/wp-content\/uploads\/2021\/09\/entidad-adaptada-lssi-300x300.jpg 300w, https:\/\/www.sociograph.es\/wp-content\/uploads\/2021\/09\/entidad-adaptada-lssi-1024x1024.jpg 1024w, https:\/\/www.sociograph.es\/wp-content\/uploads\/2021\/09\/entidad-adaptada-lssi-768x768.jpg 768w, https:\/\/www.sociograph.es\/wp-content\/uploads\/2021\/09\/entidad-adaptada-lssi-24x24.jpg 24w, https:\/\/www.sociograph.es\/wp-content\/uploads\/2021\/09\/entidad-adaptada-lssi-36x36.jpg 36w, https:\/\/www.sociograph.es\/wp-content\/uploads\/2021\/09\/entidad-adaptada-lssi-48x48.jpg 48w, https:\/\/www.sociograph.es\/wp-content\/uploads\/2021\/09\/entidad-adaptada-lssi.jpg 1122w\" alt=\"\" width=\"100\" height=\"100\"\/><\/a><\/p>\r\n<p>A continuaci\u00f3n, le indicamos los tratamientos de datos que se realizan en nuestra web.<\/p>\r\n<p>Tratamiento de los datos de potenciales clientes y contactos<\/p>\r\n<table width=\"584\">\r\n<tbody>\r\n<tr>\r\n<td colspan=\"2\" width=\"584\"><strong>Informaci\u00f3n b\u00e1sica sobre Protecci\u00f3n de datos<\/strong><\/td>\r\n<\/tr>\r\n<tr>\r\n<td width=\"180\"><strong>Responsable:<\/strong><\/td>\r\n<td width=\"404\">SOCIOGRAPH NEUROMARKETING, SL<\/td>\r\n<\/tr>\r\n<tr>\r\n<td width=\"180\"><strong>Finalidad:<\/strong><\/td>\r\n<td width=\"404\">Atender su solicitud y enviarle comunicaciones comerciales<\/td>\r\n<\/tr>\r\n<tr>\r\n<td width=\"180\"><strong>Legitimaci\u00f3n:<\/strong><\/td>\r\n<td width=\"404\">Ejecuci\u00f3n de un contrato.\r\n<p>\u00a0<\/p>\r\n<p>Consentimiento del interesado.<\/p>\r\n<p>Inter\u00e9s leg\u00edtimo del Responsable.<\/p>\r\n<\/td>\r\n<\/tr>\r\n<tr>\r\n<td width=\"180\"><strong>Destinatarios:<\/strong><\/td>\r\n<td width=\"404\">No se ceder\u00e1n datos a terceros, salvo obligaci\u00f3n legal.<\/td>\r\n<\/tr>\r\n<tr>\r\n<td width=\"180\"><strong>Derechos:<\/strong><\/td>\r\n<td width=\"404\">Tiene derecho a acceder, rectificar y suprimir los datos, as\u00ed como otros derechos, indicados en la informaci\u00f3n adicional, que puede ejercer dirigi\u00e9ndose a\u00a0info@sociograph.es.<\/td>\r\n<\/tr>\r\n<tr>\r\n<td width=\"180\"><strong>Procedencia:<\/strong><\/td>\r\n<td width=\"404\">El propio interesado.<\/td>\r\n<\/tr>\r\n<\/tbody>\r\n<\/table>\r\n<h4><p><b><i>Complete Data Protection Information<\/i><\/b><\/p><\/h4>\r\n<h4>Who is responsible for the processing of your data?<\/h4>\r\n<p>SOCIOGRAPH NEUROMARKETING, SL .<\/p>\r\n<p>B34264424.<\/p>\r\n<p>AV SANTIAGO AM\u00d3N, 3-5 \u2013 34005 \u2013 PALENCIA.<\/p>\r\n<p>info@sociograph.es.<\/p>\r\n<h4>For what purpose do we process your personal data?<\/h4>\r\n<p>En SOCIOGRAPH NEUROMARKETING, SL\u00a0 tratamos la informaci\u00f3n que nos facilitan las personas interesadas con el fin de realizar la gesti\u00f3n de potenciales clientes que se han interesado sobre nuestros productos y servicios, as\u00ed como otros contactos comerciales y realizar, en su caso, el env\u00edo de comunicaciones comerciales inclusive por v\u00eda electr\u00f3nica. En el caso de que no facilite sus datos personales, no podremos cumplir con las funcionalidades descritas anteriormente.<\/p>\r\n<p>No se van a tomar decisiones automatizadas en base a los datos proporcionados.<\/p>\r\n<h4>How long will we keep your data for?<\/h4>\r\n<p>Los datos se conservar\u00e1n mientras el interesado no solicite su supresi\u00f3n.<\/p>\r\n<h4>What is the legitimacy for the processing of your data?<\/h4>\r\n<p>Le indicamos la base legal para el tratamiento de sus datos:<\/p>\r\n<ul>\r\n<li>Ejecuci\u00f3n de un contrato: Gesti\u00f3n de potenciales clientes que se han interesado sobre nuestros productos y\/o servicios. (RGPD, art. 6.1.b).<\/li>\r\n<li>Consentimiento del interesado: Enviar comunicaciones comerciales, inclusive por v\u00eda electr\u00f3nica. (RGPD, art. 6.1.a, LSSICE art.21).<\/li>\r\n<li>Inter\u00e9s leg\u00edtimo del Responsable: Gesti\u00f3n de los datos de contacto profesionales (LOPDGDD art.19, RGPD art. 6.1.f).<\/li>\r\n<\/ul>\r\n<h4>To which recipients will your data be communicated?<\/h4>\r\n<p>No se ceder\u00e1n datos a terceros, salvo obligaci\u00f3n legal.<\/p>\r\n<h4>Data transfers to third countries<\/h4>\r\n<p>No est\u00e1n previstas transferencias de datos a terceros pa\u00edses.<\/p>\r\n<h4>What are your rights when you provide us with your data?<\/h4>\r\n<p>Cualquier persona tiene derecho a obtener confirmaci\u00f3n sobre si en SOCIOGRAPH NEUROMARKETING, SL\u00a0 estamos tratando, o no, datos personales que les conciernan.<\/p>\r\n<p>Las personas interesadas tienen derecho a acceder a sus datos personales, as\u00ed como a solicitar la rectificaci\u00f3n de los datos inexactos o, en su caso, solicitar su supresi\u00f3n cuando, entre otros motivos, los datos ya no sean necesarios para los fines que fueron recogidos. Igualmente tiene derecho a la portabilidad de sus datos.<\/p>\r\n<p>En determinadas circunstancias, los interesados podr\u00e1n solicitar la limitaci\u00f3n del tratamiento de sus datos, en cuyo caso \u00fanicamente los conservaremos para el ejercicio o la defensa de reclamaciones.<\/p>\r\n<p>En determinadas circunstancias, y por motivos relacionados con su situaci\u00f3n particular, los interesados podr\u00e1n oponerse al tratamiento de sus datos. En este caso, SOCIOGRAPH NEUROMARKETING, SL\u00a0 dejar\u00e1 de tratar los datos, salvo por motivos leg\u00edtimos imperiosos, o el ejercicio o la defensa de posibles reclamaciones.<\/p>\r\n<p>Podr\u00e1 ejercitar materialmente sus derechos de la siguiente forma: dirigi\u00e9ndose a\u00a0info@sociograph.es.<\/p>\r\n<p>Cuando se realice el env\u00edo de comunicaciones comerciales utilizando como base jur\u00eddica el inter\u00e9s leg\u00edtimo del responsable, el interesado podr\u00e1 oponerse al tratamiento de sus datos con ese fin.<\/p>\r\n<p>Si ha otorgado su consentimiento para alguna finalidad concreta, tiene derecho a retirar el consentimiento otorgado en cualquier momento, sin que ello afecte a la licitud del tratamiento basado en el consentimiento previo a su retirada.<\/p>\r\n<p>En caso de que sienta vulnerados sus derechos en lo concerniente a la protecci\u00f3n de sus datos personales, especialmente cuando no haya obtenido satisfacci\u00f3n en el ejercicio de sus derechos, puede presentar una reclamaci\u00f3n ante la Autoridad de Control en materia de Protecci\u00f3n de Datos competente a trav\u00e9s de su sitio web: www.aepd.es.<\/p>\r\n<h4>How have we obtained your data?<\/h4>\r\n<p>Los datos personales que tratamos en SOCIOGRAPH NEUROMARKETING, SL\u00a0 proceden de: el propio interesado.<\/p>\r\n<p>\u00a0<\/p>\r\n<h2><\/h2><!-- \/wp:heading --><\/h2>\r\n<!-- \/wp:heading -->","_et_gb_content_width":"","_monsterinsights_skip_tracking":false,"_monsterinsights_sitenote_active":false,"_monsterinsights_sitenote_note":"","_monsterinsights_sitenote_category":0,"_uf_show_specific_survey":0,"_uf_disable_surveys":false,"footnotes":""},"class_list":["post-9025","page","type-page","status-publish","hentry"],"yoast_head":"<!-- This site is optimized with the Yoast SEO plugin v25.6 - https:\/\/yoast.com\/wordpress\/plugins\/seo\/ -->\n<title>Privacy policy - Sociograph<\/title>\n<meta name=\"robots\" content=\"index, follow, max-snippet:-1, max-image-preview:large, max-video-preview:-1\" \/>\n<link rel=\"canonical\" href=\"https:\/\/sociographlab.com\/en\/privacy-policy\/\" \/>\n<meta property=\"og:locale\" content=\"en_US\" \/>\n<meta property=\"og:type\" content=\"article\" \/>\n<meta property=\"og:title\" content=\"Privacy policy - Sociograph\" \/>\n<meta property=\"og:description\" content=\"[et_pb_section admin_label=&#8221;section&#8221;] [et_pb_row admin_label=&#8221;row&#8221;] [et_pb_column type=&#8221;4_4&#8243;][et_pb_text admin_label=&#8221;Text&#8221;] SOCIOGRAPH NEUROMARKETING, SL. cares about privacy and transparency, if you want to know in detail the processing of personal data we carry out, as well as all the information related to them, you can do so by clicking on the following link: Below, we indicate the data processing [&hellip;]\" \/>\n<meta property=\"og:url\" content=\"https:\/\/sociographlab.com\/en\/privacy-policy\/\" \/>\n<meta property=\"og:site_name\" content=\"Sociograph\" \/>\n<meta property=\"article:publisher\" content=\"https:\/\/www.facebook.com\/SociographMarketingScience\" \/>\n<meta property=\"article:modified_time\" content=\"2024-05-10T07:17:16+00:00\" \/>\n<meta property=\"og:image\" content=\"https:\/\/www.sociograph.es\/wp-content\/uploads\/2021\/09\/entidad-adaptada-lssi-150x150.jpg\" \/>\n<meta name=\"twitter:card\" content=\"summary_large_image\" \/>\n<meta name=\"twitter:site\" content=\"@Sociograph\" \/>\n<meta name=\"twitter:label1\" content=\"Est. reading time\" \/>\n\t<meta name=\"twitter:data1\" content=\"4 minutes\" \/>\n<script type=\"application\/ld+json\" class=\"yoast-schema-graph\">{\"@context\":\"https:\/\/schema.org\",\"@graph\":[{\"@type\":\"WebPage\",\"@id\":\"https:\/\/sociographlab.com\/en\/privacy-policy\/\",\"url\":\"https:\/\/sociographlab.com\/en\/privacy-policy\/\",\"name\":\"Privacy policy - Sociograph\",\"isPartOf\":{\"@id\":\"https:\/\/sociographlab.com\/en\/#website\"},\"primaryImageOfPage\":{\"@id\":\"https:\/\/sociographlab.com\/en\/privacy-policy\/#primaryimage\"},\"image\":{\"@id\":\"https:\/\/sociographlab.com\/en\/privacy-policy\/#primaryimage\"},\"thumbnailUrl\":\"https:\/\/www.sociograph.es\/wp-content\/uploads\/2021\/09\/entidad-adaptada-lssi-150x150.jpg\",\"datePublished\":\"2022-10-26T08:42:42+00:00\",\"dateModified\":\"2024-05-10T07:17:16+00:00\",\"breadcrumb\":{\"@id\":\"https:\/\/sociographlab.com\/en\/privacy-policy\/#breadcrumb\"},\"inLanguage\":\"en-US\",\"potentialAction\":[{\"@type\":\"ReadAction\",\"target\":[\"https:\/\/sociographlab.com\/en\/privacy-policy\/\"]}]},{\"@type\":\"ImageObject\",\"inLanguage\":\"en-US\",\"@id\":\"https:\/\/sociographlab.com\/en\/privacy-policy\/#primaryimage\",\"url\":\"https:\/\/www.sociograph.es\/wp-content\/uploads\/2021\/09\/entidad-adaptada-lssi-150x150.jpg\",\"contentUrl\":\"https:\/\/www.sociograph.es\/wp-content\/uploads\/2021\/09\/entidad-adaptada-lssi-150x150.jpg\"},{\"@type\":\"BreadcrumbList\",\"@id\":\"https:\/\/sociographlab.com\/en\/privacy-policy\/#breadcrumb\",\"itemListElement\":[{\"@type\":\"ListItem\",\"position\":1,\"name\":\"Portada\",\"item\":\"https:\/\/sociographlab.com\/en\/\"},{\"@type\":\"ListItem\",\"position\":2,\"name\":\"Privacy policy\"}]},{\"@type\":\"WebSite\",\"@id\":\"https:\/\/sociographlab.com\/en\/#website\",\"url\":\"https:\/\/sociographlab.com\/en\/\",\"name\":\"Sociograph\",\"description\":\"Marketing Science Consulting\",\"publisher\":{\"@id\":\"https:\/\/sociographlab.com\/en\/#organization\"},\"alternateName\":\"Sociograph\",\"potentialAction\":[{\"@type\":\"SearchAction\",\"target\":{\"@type\":\"EntryPoint\",\"urlTemplate\":\"https:\/\/sociographlab.com\/en\/?s={search_term_string}\"},\"query-input\":{\"@type\":\"PropertyValueSpecification\",\"valueRequired\":true,\"valueName\":\"search_term_string\"}}],\"inLanguage\":\"en-US\"},{\"@type\":\"Organization\",\"@id\":\"https:\/\/sociographlab.com\/en\/#organization\",\"name\":\"Sociograph Marketing Science\",\"alternateName\":\"Sociograph Marketing Science\",\"url\":\"https:\/\/sociographlab.com\/en\/\",\"logo\":{\"@type\":\"ImageObject\",\"inLanguage\":\"en-US\",\"@id\":\"https:\/\/sociographlab.com\/en\/#\/schema\/logo\/image\/\",\"url\":\"https:\/\/sociographlab.com\/wp-content\/uploads\/2023\/05\/Logo_Sociograph-scaled.webp\",\"contentUrl\":\"https:\/\/sociographlab.com\/wp-content\/uploads\/2023\/05\/Logo_Sociograph-scaled.webp\",\"width\":2560,\"height\":1810,\"caption\":\"Sociograph Marketing Science\"},\"image\":{\"@id\":\"https:\/\/sociographlab.com\/en\/#\/schema\/logo\/image\/\"},\"sameAs\":[\"https:\/\/www.facebook.com\/SociographMarketingScience\",\"https:\/\/x.com\/Sociograph\",\"https:\/\/www.linkedin.com\/company\/sociograph\"]}]}<\/script>\n<!-- \/ Yoast SEO plugin. -->","yoast_head_json":{"title":"Privacy policy - Sociograph","robots":{"index":"index","follow":"follow","max-snippet":"max-snippet:-1","max-image-preview":"max-image-preview:large","max-video-preview":"max-video-preview:-1"},"canonical":"https:\/\/sociographlab.com\/en\/privacy-policy\/","og_locale":"en_US","og_type":"article","og_title":"Privacy policy - Sociograph","og_description":"[et_pb_section admin_label=&#8221;section&#8221;] [et_pb_row admin_label=&#8221;row&#8221;] [et_pb_column type=&#8221;4_4&#8243;][et_pb_text admin_label=&#8221;Text&#8221;] SOCIOGRAPH NEUROMARKETING, SL. cares about privacy and transparency, if you want to know in detail the processing of personal data we carry out, as well as all the information related to them, you can do so by clicking on the following link: Below, we indicate the data processing [&hellip;]","og_url":"https:\/\/sociographlab.com\/en\/privacy-policy\/","og_site_name":"Sociograph","article_publisher":"https:\/\/www.facebook.com\/SociographMarketingScience","article_modified_time":"2024-05-10T07:17:16+00:00","og_image":[{"url":"https:\/\/www.sociograph.es\/wp-content\/uploads\/2021\/09\/entidad-adaptada-lssi-150x150.jpg","type":"","width":"","height":""}],"twitter_card":"summary_large_image","twitter_site":"@Sociograph","twitter_misc":{"Est. reading time":"4 minutes"},"schema":{"@context":"https:\/\/schema.org","@graph":[{"@type":"WebPage","@id":"https:\/\/sociographlab.com\/en\/privacy-policy\/","url":"https:\/\/sociographlab.com\/en\/privacy-policy\/","name":"Privacy policy - Sociograph","isPartOf":{"@id":"https:\/\/sociographlab.com\/en\/#website"},"primaryImageOfPage":{"@id":"https:\/\/sociographlab.com\/en\/privacy-policy\/#primaryimage"},"image":{"@id":"https:\/\/sociographlab.com\/en\/privacy-policy\/#primaryimage"},"thumbnailUrl":"https:\/\/www.sociograph.es\/wp-content\/uploads\/2021\/09\/entidad-adaptada-lssi-150x150.jpg","datePublished":"2022-10-26T08:42:42+00:00","dateModified":"2024-05-10T07:17:16+00:00","breadcrumb":{"@id":"https:\/\/sociographlab.com\/en\/privacy-policy\/#breadcrumb"},"inLanguage":"en-US","potentialAction":[{"@type":"ReadAction","target":["https:\/\/sociographlab.com\/en\/privacy-policy\/"]}]},{"@type":"ImageObject","inLanguage":"en-US","@id":"https:\/\/sociographlab.com\/en\/privacy-policy\/#primaryimage","url":"https:\/\/www.sociograph.es\/wp-content\/uploads\/2021\/09\/entidad-adaptada-lssi-150x150.jpg","contentUrl":"https:\/\/www.sociograph.es\/wp-content\/uploads\/2021\/09\/entidad-adaptada-lssi-150x150.jpg"},{"@type":"BreadcrumbList","@id":"https:\/\/sociographlab.com\/en\/privacy-policy\/#breadcrumb","itemListElement":[{"@type":"ListItem","position":1,"name":"Portada","item":"https:\/\/sociographlab.com\/en\/"},{"@type":"ListItem","position":2,"name":"Privacy policy"}]},{"@type":"WebSite","@id":"https:\/\/sociographlab.com\/en\/#website","url":"https:\/\/sociographlab.com\/en\/","name":"Sociograph","description":"Marketing Science Consulting","publisher":{"@id":"https:\/\/sociographlab.com\/en\/#organization"},"alternateName":"Sociograph","potentialAction":[{"@type":"SearchAction","target":{"@type":"EntryPoint","urlTemplate":"https:\/\/sociographlab.com\/en\/?s={search_term_string}"},"query-input":{"@type":"PropertyValueSpecification","valueRequired":true,"valueName":"search_term_string"}}],"inLanguage":"en-US"},{"@type":"Organization","@id":"https:\/\/sociographlab.com\/en\/#organization","name":"Sociograph Marketing Science","alternateName":"Sociograph Marketing Science","url":"https:\/\/sociographlab.com\/en\/","logo":{"@type":"ImageObject","inLanguage":"en-US","@id":"https:\/\/sociographlab.com\/en\/#\/schema\/logo\/image\/","url":"https:\/\/sociographlab.com\/wp-content\/uploads\/2023\/05\/Logo_Sociograph-scaled.webp","contentUrl":"https:\/\/sociographlab.com\/wp-content\/uploads\/2023\/05\/Logo_Sociograph-scaled.webp","width":2560,"height":1810,"caption":"Sociograph Marketing Science"},"image":{"@id":"https:\/\/sociographlab.com\/en\/#\/schema\/logo\/image\/"},"sameAs":["https:\/\/www.facebook.com\/SociographMarketingScience","https:\/\/x.com\/Sociograph","https:\/\/www.linkedin.com\/company\/sociograph"]}]}},"_links":{"self":[{"href":"https:\/\/sociographlab.com\/en\/wp-json\/wp\/v2\/pages\/9025"}],"collection":[{"href":"https:\/\/sociographlab.com\/en\/wp-json\/wp\/v2\/pages"}],"about":[{"href":"https:\/\/sociographlab.com\/en\/wp-json\/wp\/v2\/types\/page"}],"author":[{"embeddable":true,"href":"https:\/\/sociographlab.com\/en\/wp-json\/wp\/v2\/users\/1"}],"replies":[{"embeddable":true,"href":"https:\/\/sociographlab.com\/en\/wp-json\/wp\/v2\/comments?post=9025"}],"version-history":[{"count":4,"href":"https:\/\/sociographlab.com\/en\/wp-json\/wp\/v2\/pages\/9025\/revisions"}],"predecessor-version":[{"id":9115,"href":"https:\/\/sociographlab.com\/en\/wp-json\/wp\/v2\/pages\/9025\/revisions\/9115"}],"wp:attachment":[{"href":"https:\/\/sociographlab.com\/en\/wp-json\/wp\/v2\/media?parent=9025"}],"curies":[{"name":"wp","href":"https:\/\/api.w.org\/{rel}","templated":true}]}}